{"id":20,"date":"2021-03-17T15:21:44","date_gmt":"2021-03-17T14:21:44","guid":{"rendered":"https:\/\/www.studiogerboni.com\/?page_id=20"},"modified":"2024-01-16T08:54:14","modified_gmt":"2024-01-16T07:54:14","slug":"chi-siamo","status":"publish","type":"page","link":"https:\/\/www.studiogerboni.com\/?page_id=20","title":{"rendered":"Chi Siamo"},"content":{"rendered":"\n<p>Lo&nbsp;&#8220;Studio Gerboni&#8221;, in attivit\u00e0 dall\u2019anno 1986, <strong>fornisce servizi tecnici, consulenze, progettazioni e prestazioni professionali nell\u2019ambito dell\u2019edilizia civile, industriale ed infrastrutturale<\/strong> verso Imprese di costruzioni, Aziende, Enti pubblici e privati, Studi di progettazione e Committenti privati, operando in Italia e all\u2019estero.<\/p>\n\n\n\n<p>Per le diverse pratiche e commesse, <strong>si avvale dell\u2019opera di tecnici interni, ingegneri e geometri, di poliennale esperienza<\/strong> e collabora, con primarie Imprese di costruzioni, Enti Pubblici e privati, Studi di Progettazione e Committenti privati, operando, oltre che a Parma, su tutto il territorio nazionale e all\u2019estero.<\/p>\n\n\n\n<p>Lo Studio opera utilizzando le diverse figure professionali presenti al suo interno sulla base delle diverse specializzazioni, ed \u00e8 strutturato in modo piramidale con un Responsabile Generale ed alcuni Responsabili Tecnici \/ Capo Commessa. L\u2019interazione continua tra i responsabili e i diversi tecnici collaboratori nella gestione delle commesse, consente un continuo scambio di specializzazioni fra le diverse figure professionali, mantenendo comunque la massima flessibilit\u00e0, adattabilit\u00e0 e interscambiabilit\u00e0, che caratterizza il suo modo di operare.<\/p>\n\n\n\n<h3 class=\"wp-block-heading\">I Soci<\/h3>\n\n\n\n<div class=\"wp-block-columns alignwide is-layout-flex wp-container-core-columns-is-layout-1 wp-block-columns-is-layout-flex\">\n<div class=\"wp-block-column has-cyan-bluish-gray-background-color has-text-color has-background has-link-color wp-elements-5c948b362a8aa288e104fbab8134d5fc is-layout-flow wp-block-column-is-layout-flow\" style=\"color:#000000;padding-top:2em;padding-right:2em;padding-bottom:2em;padding-left:2em\">\n<h2 class=\"has-text-align-center has-medium-font-size wp-block-heading\" id=\"single\">Erik Pagliarini<\/h2>\n\n\n\n<div class=\"wp-block-buttons alignfull is-horizontal is-content-justification-center is-layout-flex wp-container-core-buttons-is-layout-1 wp-block-buttons-is-layout-flex\">\n<div class=\"wp-block-button has-custom-width wp-block-button__width-100 is-style-fill\"><a class=\"wp-block-button__link has-white-color has-text-color has-background\" href=\"mailto:erik.pagliarini@studiogerboni.com\" style=\"border-radius:20px;background-color:#000000\">Contatta<\/a><\/div>\n<\/div>\n<\/div>\n\n\n\n<div class=\"wp-block-column has-very-light-gray-to-cyan-bluish-gray-gradient-background has-text-color has-background has-link-color wp-elements-341106badb9f3296c8ff5d5973da85b2 is-layout-flow wp-block-column-is-layout-flow\" style=\"color:#000000;padding-top:2em;padding-right:2em;padding-bottom:2em;padding-left:2em\">\n<h2 class=\"has-text-align-center has-medium-font-size wp-block-heading\" id=\"single\">Roberto Salati<\/h2>\n\n\n\n<div class=\"wp-block-buttons alignfull is-horizontal is-content-justification-center is-layout-flex wp-container-core-buttons-is-layout-2 wp-block-buttons-is-layout-flex\">\n<div class=\"wp-block-button has-custom-width wp-block-button__width-100 is-style-fill\"><a class=\"wp-block-button__link has-white-color has-text-color has-background\" href=\"mailto:roberto.salati@studiogerboni.com\" style=\"border-radius:20px;background-color:#000000\">Contatta<\/a><\/div>\n<\/div>\n<\/div>\n<\/div>\n\n\n\n<div class=\"wp-block-columns alignwide is-layout-flex wp-container-core-columns-is-layout-2 wp-block-columns-is-layout-flex\">\n<div class=\"wp-block-column has-very-light-gray-to-cyan-bluish-gray-gradient-background has-text-color has-background has-link-color wp-elements-eeb61c32d13c765534dd6d478934a9b0 is-layout-flow wp-block-column-is-layout-flow\" style=\"color:#000000;padding-top:2em;padding-right:2em;padding-bottom:2em;padding-left:2em\">\n<h2 class=\"has-text-align-center has-medium-font-size wp-block-heading\" id=\"single\">Antonio Mori<\/h2>\n\n\n\n<div class=\"wp-block-buttons alignfull is-horizontal is-content-justification-center is-layout-flex wp-container-core-buttons-is-layout-3 wp-block-buttons-is-layout-flex\">\n<div class=\"wp-block-button has-custom-width wp-block-button__width-100 is-style-fill\"><a class=\"wp-block-button__link has-white-color has-text-color has-background\" href=\"mailto:antonio.mori@studiogerboni.com\" style=\"border-radius:20px;background-color:#000000\">Contatta<\/a><\/div>\n<\/div>\n<\/div>\n\n\n\n<div class=\"wp-block-column has-cyan-bluish-gray-background-color has-text-color has-background has-link-color wp-elements-ffcc94952431ce1ad7a3f57a54363bec is-layout-flow wp-block-column-is-layout-flow\" style=\"color:#000000;padding-top:2em;padding-right:2em;padding-bottom:2em;padding-left:2em\">\n<h2 class=\"has-text-align-center has-medium-font-size wp-block-heading\" id=\"single\">Matteo Tomaselli<\/h2>\n\n\n\n<div class=\"wp-block-buttons alignfull is-horizontal is-content-justification-center is-layout-flex wp-container-core-buttons-is-layout-4 wp-block-buttons-is-layout-flex\">\n<div class=\"wp-block-button has-custom-width wp-block-button__width-100 is-style-fill\"><a class=\"wp-block-button__link has-white-color has-text-color has-background\" href=\"mailto:matteo.tomaselli@studiogerboni.com\" style=\"border-radius:20px;background-color:#000000\">Contatta<\/a><\/div>\n<\/div>\n<\/div>\n<\/div>\n\n\n\n<p><\/p>\n","protected":false},"excerpt":{"rendered":"<p>Lo&nbsp;&#8220;Studio Gerboni&#8221;, in attivit\u00e0 dall\u2019anno 1986, fornisce servizi tecnici, consulenze, progettazioni e prestazioni professionali nell\u2019ambito dell\u2019edilizia civile, industriale ed infrastrutturale verso Imprese di costruzioni, Aziende, Enti pubblici e privati, Studi&hellip;<\/p>\n","protected":false},"author":1,"featured_media":100,"parent":0,"menu_order":0,"comment_status":"closed","ping_status":"closed","template":"","meta":{"footnotes":""},"class_list":["post-20","page","type-page","status-publish","has-post-thumbnail","hentry"],"_links":{"self":[{"href":"https:\/\/www.studiogerboni.com\/index.php?rest_route=\/wp\/v2\/pages\/20","targetHints":{"allow":["GET"]}}],"collection":[{"href":"https:\/\/www.studiogerboni.com\/index.php?rest_route=\/wp\/v2\/pages"}],"about":[{"href":"https:\/\/www.studiogerboni.com\/index.php?rest_route=\/wp\/v2\/types\/page"}],"author":[{"embeddable":true,"href":"https:\/\/www.studiogerboni.com\/index.php?rest_route=\/wp\/v2\/users\/1"}],"replies":[{"embeddable":true,"href":"https:\/\/www.studiogerboni.com\/index.php?rest_route=%2Fwp%2Fv2%2Fcomments&post=20"}],"version-history":[{"count":5,"href":"https:\/\/www.studiogerboni.com\/index.php?rest_route=\/wp\/v2\/pages\/20\/revisions"}],"predecessor-version":[{"id":211,"href":"https:\/\/www.studiogerboni.com\/index.php?rest_route=\/wp\/v2\/pages\/20\/revisions\/211"}],"wp:featuredmedia":[{"embeddable":true,"href":"https:\/\/www.studiogerboni.com\/index.php?rest_route=\/wp\/v2\/media\/100"}],"wp:attachment":[{"href":"https:\/\/www.studiogerboni.com\/index.php?rest_route=%2Fwp%2Fv2%2Fmedia&parent=20"}],"curies":[{"name":"wp","href":"https:\/\/api.w.org\/{rel}","templated":true}]}}